{"id":1964,"date":"2017-02-11T12:04:26","date_gmt":"2017-02-11T11:04:26","guid":{"rendered":"https:\/\/keydesign-themes.com\/intact\/startup\/?page_id=2"},"modified":"2022-01-20T14:16:37","modified_gmt":"2022-01-20T13:16:37","slug":"accueil","status":"publish","type":"page","link":"https:\/\/belive.ai\/en\/","title":{"rendered":"Accueil"},"content":{"rendered":"","protected":false},"excerpt":{"rendered":"","protected":false},"author":1,"featured_media":0,"parent":0,"menu_order":0,"comment_status":"closed","ping_status":"closed","template":"","meta":{"footnotes":""},"class_list":["post-1964","page","type-page","status-publish","hentry"],"yoast_head":"\n<title>Accueil - Belive.ai - Donnons des yeux aux points de vente<\/title>\n<meta name=\"description\" content=\"Nous aidons les retailers \u00e0 optimiser leurs activit\u00e9s cl\u00e9s gr\u00e2ce \u00e0 la computer vision et \u00e0 la reconnaissance d&amp;#039;image.\" \/>\n<meta name=\"robots\" content=\"index, follow, max-snippet:-1, max-image-preview:large, max-video-preview:-1\" \/>\n<link rel=\"canonical\" href=\"https:\/\/belive.ai\/en\/\" \/>\n<meta property=\"og:locale\" content=\"en\" \/>\n<meta property=\"og:type\" content=\"article\" \/>\n<meta property=\"og:title\" content=\"Accueil - Belive.ai - Donnons des yeux aux points de vente\" \/>\n<meta property=\"og:description\" content=\"Nous aidons les retailers \u00e0 optimiser leurs activit\u00e9s cl\u00e9s gr\u00e2ce \u00e0 la computer vision et \u00e0 la reconnaissance d&amp;#039;image.\" \/>\n<meta property=\"og:url\" content=\"https:\/\/belive.ai\/en\/\" \/>\n<meta property=\"og:site_name\" content=\"Belive.ai\" \/>\n<meta property=\"article:modified_time\" content=\"2022-01-20T13:16:37+00:00\" \/>\n<meta name=\"twitter:card\" content=\"summary_large_image\" \/>\n<script type=\"application\/ld+json\" class=\"yoast-schema-graph\">{\"@context\":\"https:\/\/schema.org\",\"@graph\":[{\"@type\":\"WebPage\",\"@id\":\"https:\/\/belive.ai\/\",\"url\":\"https:\/\/belive.ai\/\",\"name\":\"Accueil - Belive.ai - Donnons des yeux aux points de vente\",\"isPartOf\":{\"@id\":\"https:\/\/belive.ai\/#website\"},\"datePublished\":\"2017-02-11T11:04:26+00:00\",\"dateModified\":\"2022-01-20T13:16:37+00:00\",\"description\":\"Nous aidons les retailers \u00e0 optimiser leurs activit\u00e9s cl\u00e9s gr\u00e2ce \u00e0 la computer vision et \u00e0 la reconnaissance d'image.\",\"breadcrumb\":{\"@id\":\"https:\/\/belive.ai\/#breadcrumb\"},\"inLanguage\":\"en-US\",\"potentialAction\":[{\"@type\":\"ReadAction\",\"target\":[\"https:\/\/belive.ai\/\"]}]},{\"@type\":\"BreadcrumbList\",\"@id\":\"https:\/\/belive.ai\/#breadcrumb\",\"itemListElement\":[{\"@type\":\"ListItem\",\"position\":1,\"name\":\"Accueil\",\"item\":\"https:\/\/belive.ai\/\"},{\"@type\":\"ListItem\",\"position\":2,\"name\":\"Accueil\"}]},{\"@type\":\"WebSite\",\"@id\":\"https:\/\/belive.ai\/#website\",\"url\":\"https:\/\/belive.ai\/\",\"name\":\"Belive.ai\",\"description\":\"Une plateforme IA unique d\u00e9di\u00e9e \u00e0 l&#039;exp\u00e9rience client\",\"potentialAction\":[{\"@type\":\"SearchAction\",\"target\":{\"@type\":\"EntryPoint\",\"urlTemplate\":\"https:\/\/belive.ai\/?s={search_term_string}\"},\"query-input\":{\"@type\":\"PropertyValueSpecification\",\"valueRequired\":true,\"valueName\":\"search_term_string\"}}],\"inLanguage\":\"en-US\"}]}<\/script>\n<!-- \/ Yoast SEO plugin. -->","yoast_head_json":{"title":"Accueil - Belive.ai - Donnons des yeux aux points de vente","description":"Nous aidons les retailers \u00e0 optimiser leurs activit\u00e9s cl\u00e9s gr\u00e2ce \u00e0 la computer vision et \u00e0 la reconnaissance d'image.","robots":{"index":"index","follow":"follow","max-snippet":"max-snippet:-1","max-image-preview":"max-image-preview:large","max-video-preview":"max-video-preview:-1"},"canonical":"https:\/\/belive.ai\/","og_locale":"en_US","og_type":"article","og_title":"Accueil - Belive.ai - Donnons des yeux aux points de vente","og_description":"Nous aidons les retailers \u00e0 optimiser leurs activit\u00e9s cl\u00e9s gr\u00e2ce \u00e0 la computer vision et \u00e0 la reconnaissance d'image.","og_url":"https:\/\/belive.ai\/","og_site_name":"Belive.ai","article_modified_time":"2022-01-20T13:16:37+00:00","twitter_card":"summary_large_image","schema":{"@context":"https:\/\/schema.org","@graph":[{"@type":"WebPage","@id":"https:\/\/belive.ai\/","url":"https:\/\/belive.ai\/en\/","name":"Accueil - Belive.ai - Donnons des yeux aux points de vente","isPartOf":{"@id":"https:\/\/belive.ai\/#website"},"datePublished":"2017-02-11T11:04:26+00:00","dateModified":"2022-01-20T13:16:37+00:00","description":"Nous aidons les retailers \u00e0 optimiser leurs activit\u00e9s cl\u00e9s gr\u00e2ce \u00e0 la computer vision et \u00e0 la reconnaissance d'image.","breadcrumb":{"@id":"https:\/\/belive.ai\/#breadcrumb"},"inLanguage":"en-US","potentialAction":[{"@type":"ReadAction","target":["https:\/\/belive.ai\/"]}]},{"@type":"BreadcrumbList","@id":"https:\/\/belive.ai\/#breadcrumb","itemListElement":[{"@type":"ListItem","position":1,"name":"Accueil","item":"https:\/\/belive.ai\/"},{"@type":"ListItem","position":2,"name":"Accueil"}]},{"@type":"WebSite","@id":"https:\/\/belive.ai\/#website","url":"https:\/\/belive.ai\/en\/","name":"Belive.ai","description":"Une plateforme IA unique d\u00e9di\u00e9e \u00e0 l&#039;exp\u00e9rience client","potentialAction":[{"@type":"SearchAction","target":{"@type":"EntryPoint","urlTemplate":"https:\/\/belive.ai\/?s={search_term_string}"},"query-input":{"@type":"PropertyValueSpecification","valueRequired":true,"valueName":"search_term_string"}}],"inLanguage":"en-US"}]}},"_links":{"self":[{"href":"https:\/\/belive.ai\/wp-json\/wp\/v2\/pages\/1964","targetHints":{"allow":["GET"]}}],"collection":[{"href":"https:\/\/belive.ai\/wp-json\/wp\/v2\/pages"}],"about":[{"href":"https:\/\/belive.ai\/wp-json\/wp\/v2\/types\/page"}],"author":[{"embeddable":true,"href":"https:\/\/belive.ai\/wp-json\/wp\/v2\/users\/1"}],"replies":[{"embeddable":true,"href":"https:\/\/belive.ai\/wp-json\/wp\/v2\/comments?post=1964"}],"version-history":[{"count":10,"href":"https:\/\/belive.ai\/wp-json\/wp\/v2\/pages\/1964\/revisions"}],"predecessor-version":[{"id":2297,"href":"https:\/\/belive.ai\/wp-json\/wp\/v2\/pages\/1964\/revisions\/2297"}],"wp:attachment":[{"href":"https:\/\/belive.ai\/wp-json\/wp\/v2\/media?parent=1964"}],"curies":[{"name":"wp","href":"https:\/\/api.w.org\/{rel}","templated":true}]}}